{"id":4553,"date":"2024-03-03T23:05:04","date_gmt":"2024-03-03T22:05:04","guid":{"rendered":"https:\/\/giessen.dakd.de\/?page_id=4553"},"modified":"2024-03-03T23:05:04","modified_gmt":"2024-03-03T22:05:04","slug":"priesterseminare","status":"publish","type":"page","link":"https:\/\/bebra.dakd.de\/am\/priesterseminare\/","title":{"rendered":"Priesterseminare"},"content":{"rendered":"<p><div class=\"fusion-fullwidth fullwidth-box fusion-builder-row-1 nonhundred-percent-fullwidth non-hundred-percent-height-scrolling\" style=\"--awb-border-radius-top-left:0px;--awb-border-radius-top-right:0px;--awb-border-radius-bottom-right:0px;--awb-border-radius-bottom-left:0px;--awb-flex-wrap:wrap;\" ><div class=\"fusion-builder-row fusion-row\"><div class=\"fusion-layout-column fusion_builder_column fusion-builder-column-0 fusion_builder_column_1_1 1_1 fusion-one-full fusion-column-first fusion-column-last\" style=\"--awb-bg-size:cover;\"><div class=\"fusion-column-wrapper fusion-column-has-shadow fusion-flex-column-wrapper-legacy\"><div class=\"fusion-title title fusion-title-1 fusion-title-text fusion-title-size-two\"><h2 class=\"fusion-title-heading title-heading-left\" style=\"margin:0;\">Theologiestudium und Priesterseminare<\/h2><span class=\"awb-title-spacer\"><\/span><div class=\"title-sep-container\"><div class=\"title-sep sep-double sep-solid\" style=\"border-color:#e2e2e2;\"><\/div><\/div><\/div><div class=\"fusion-sep-clear\"><\/div><div class=\"fusion-separator fusion-full-width-sep\" style=\"margin-left: auto;margin-right: auto;margin-top:30px;width:100%;\"><\/div><div class=\"fusion-sep-clear\"><\/div><div class=\"fusion-text fusion-text-1\"><p>Theologie ist eine wissenschaftliche Disziplin, die zum Kanon der Geisteswissenschaften geh\u00f6rt. Sie kann an den theologischen Fakult\u00e4ten der Universit\u00e4ten oder auch an kirchlichen Hochschulen (Priesterseminaren und Akademien) studiert werden.<\/p>\n<p>Theologie studieren hei\u00dft nicht nur, sich mit der Tradition auseinanderzusetzen, sondern auch neue Einsichten zu gewinnen, die Beziehung zu Gott und zu den Menschen zu verstehen. Auf Theologiestudierende warten sehr gute Berufsaussichten. Zwar k\u00f6nnen in den Priesterseminaren nur M\u00e4nner studieren, doch an der Theologischen Fakult\u00e4t in Eriwan besteht die M\u00f6glichkeit des Theologiestudiums auch f\u00fcr Frauen. Mit einem Abschluss k\u00f6nnen die Absolventen in unterschiedliche Bereiche des Arbeitsmarktes gehen. Nicht nur als Pfarrer, sondern von der Managerin bis zum Journalisten oder Bundespr\u00e4sidenten sind Theolog\/inn\/en und Priester in allen Bereichen unserer Gesellschaft vertreten.<\/p>\n<p>Wer sich entscheidet, Pfarrer zu werden, auf den wartet ein attraktiver und spannender Beruf, in dem unterschiedliche Begabungen zum Zuge kommen. Das Spektrum der T\u00e4tigkeiten ist vielf\u00e4ltig. Sie erfordern sowohl theologische, als auch pers\u00f6nliche und kommunikative Kompetenzen. Auf dieser Webseite pr\u00e4sentieren wir Ihnen die Priesterseminare, Akademien und die Theologische Fakult\u00e4t der Armenischen Apostolischen Kirche.<\/p>\n<\/div><div class=\"fusion-sep-clear\"><\/div><div class=\"fusion-separator fusion-full-width-sep\" style=\"margin-left: auto;margin-right: auto;margin-top:15px;margin-bottom:15px;width:100%;\"><div class=\"fusion-separator-border sep-single sep-solid\" style=\"--awb-height:20px;--awb-amount:20px;--awb-sep-color:#ffac00;border-color:#ffac00;border-top-width:1px;\"><\/div><\/div><div class=\"fusion-sep-clear\"><\/div><div class=\"fusion-clearfix\"><\/div><\/div><\/div><\/div><\/div><div class=\"fusion-fullwidth fullwidth-box fusion-builder-row-2 nonhundred-percent-fullwidth non-hundred-percent-height-scrolling\" style=\"--awb-border-radius-top-left:0px;--awb-border-radius-top-right:0px;--awb-border-radius-bottom-right:0px;--awb-border-radius-bottom-left:0px;--awb-flex-wrap:wrap;\" ><div class=\"fusion-builder-row fusion-row\"><div class=\"fusion-layout-column fusion_builder_column fusion-builder-column-1 fusion_builder_column_1_3 1_3 fusion-one-third fusion-column-first\" style=\"--awb-bg-size:cover;width:33.333333333333%;width:calc(33.333333333333% - ( ( 4% + 4% ) * 0.33333333333333 ) );margin-right: 4%;\"><div class=\"fusion-column-wrapper fusion-column-has-shadow fusion-flex-column-wrapper-legacy\"><div class=\"fusion-image-element in-legacy-container\" style=\"--awb-caption-title-font-family:var(--h2_typography-font-family);--awb-caption-title-font-weight:var(--h2_typography-font-weight);--awb-caption-title-font-style:var(--h2_typography-font-style);--awb-caption-title-size:var(--h2_typography-font-size);--awb-caption-title-transform:var(--h2_typography-text-transform);--awb-caption-title-line-height:var(--h2_typography-line-height);--awb-caption-title-letter-spacing:var(--h2_typography-letter-spacing);\"><span class=\" fusion-imageframe imageframe-none imageframe-1 hover-type-none\" style=\"border:5px solid #e2e2e2;\"><a href=\"https:\/\/bebra.dakd.de\/wp-content\/uploads\/2020\/02\/astvatsabanakan-400x278.jpg\" class=\"fusion-lightbox\" data-rel=\"iLightbox[bde84877524045e3862]\" data-title=\"astvatsabanakan\" title=\"astvatsabanakan\"><img decoding=\"async\" width=\"400\" height=\"278\" src=\"https:\/\/bebra.dakd.de\/wp-content\/uploads\/2020\/02\/astvatsabanakan-400x278.jpg\" alt class=\"img-responsive wp-image-3368\" srcset=\"https:\/\/bebra.dakd.de\/wp-content\/uploads\/2020\/02\/astvatsabanakan-200x139.jpg 200w, https:\/\/bebra.dakd.de\/wp-content\/uploads\/2020\/02\/astvatsabanakan-400x278.jpg 400w, https:\/\/bebra.dakd.de\/wp-content\/uploads\/2020\/02\/astvatsabanakan-600x416.jpg 600w, https:\/\/bebra.dakd.de\/wp-content\/uploads\/2020\/02\/astvatsabanakan-800x555.jpg 800w, https:\/\/bebra.dakd.de\/wp-content\/uploads\/2020\/02\/astvatsabanakan.jpg 1013w\" sizes=\"(max-width: 800px) 100vw, 400px\" \/><\/a><\/span><\/div><div class=\"fusion-button-wrapper\"><a class=\"fusion-button button-3d fusion-button-default-size button-default fusion-button-default button-1 fusion-button-default-span \" target=\"_blank\" rel=\"noopener noreferrer\" href=\"http:\/\/www.ysu.am\/faculties\/en\/Theology\"><span class=\"fusion-button-text\">Theologische Fakult\u00e4t<\/span><\/a><\/div><div class=\"fusion-clearfix\"><\/div><\/div><\/div><div class=\"fusion-layout-column fusion_builder_column fusion-builder-column-2 fusion_builder_column_1_3 1_3 fusion-one-third\" style=\"--awb-bg-size:cover;width:33.333333333333%;width:calc(33.333333333333% - ( ( 4% + 4% ) * 0.33333333333333 ) );margin-right: 4%;\"><div class=\"fusion-column-wrapper fusion-column-has-shadow fusion-flex-column-wrapper-legacy\"><div class=\"fusion-image-element in-legacy-container\" style=\"--awb-caption-title-font-family:var(--h2_typography-font-family);--awb-caption-title-font-weight:var(--h2_typography-font-weight);--awb-caption-title-font-style:var(--h2_typography-font-style);--awb-caption-title-size:var(--h2_typography-font-size);--awb-caption-title-transform:var(--h2_typography-text-transform);--awb-caption-title-line-height:var(--h2_typography-line-height);--awb-caption-title-letter-spacing:var(--h2_typography-letter-spacing);\"><span class=\" fusion-imageframe imageframe-none imageframe-2 hover-type-none\" style=\"border:5px solid #e2e2e2;\"><a href=\"https:\/\/bebra.dakd.de\/wp-content\/uploads\/2020\/02\/gevorkian-400x278.jpg\" class=\"fusion-lightbox\" data-rel=\"iLightbox[7e25a7600c8321f400b]\" data-caption=\"\"><img decoding=\"async\" src=\"https:\/\/bebra.dakd.de\/wp-content\/uploads\/2020\/02\/gevorkian-400x278.jpg\" alt class=\"img-responsive wp-image-3377\"\/><\/a><\/span><\/div><div class=\"fusion-button-wrapper\"><a class=\"fusion-button button-3d fusion-button-default-size button-default fusion-button-default button-2 fusion-button-default-span \" target=\"_blank\" rel=\"noopener noreferrer\" href=\"http:\/\/gevorgianseminary.am\/\"><span class=\"fusion-button-text\">Gevorgian Priesterseminar<\/span><\/a><\/div><div class=\"fusion-clearfix\"><\/div><\/div><\/div><div class=\"fusion-layout-column fusion_builder_column fusion-builder-column-3 fusion_builder_column_1_3 1_3 fusion-one-third fusion-column-last\" style=\"--awb-bg-size:cover;width:33.333333333333%;width:calc(33.333333333333% - ( ( 4% + 4% ) * 0.33333333333333 ) );\"><div class=\"fusion-column-wrapper fusion-column-has-shadow fusion-flex-column-wrapper-legacy\"><div class=\"fusion-image-element in-legacy-container\" style=\"--awb-caption-title-font-family:var(--h2_typography-font-family);--awb-caption-title-font-weight:var(--h2_typography-font-weight);--awb-caption-title-font-style:var(--h2_typography-font-style);--awb-caption-title-size:var(--h2_typography-font-size);--awb-caption-title-transform:var(--h2_typography-text-transform);--awb-caption-title-line-height:var(--h2_typography-line-height);--awb-caption-title-letter-spacing:var(--h2_typography-letter-spacing);\"><span class=\" fusion-imageframe imageframe-none imageframe-3 hover-type-none\" style=\"border:5px solid #e2e2e2;\"><a href=\"https:\/\/bebra.dakd.de\/wp-content\/uploads\/2020\/02\/Vazgenyan-400x278.jpg\" class=\"fusion-lightbox\" data-rel=\"iLightbox[650d04921bb9658ba22]\" data-caption=\"\"><img decoding=\"async\" src=\"https:\/\/bebra.dakd.de\/wp-content\/uploads\/2020\/02\/Vazgenyan-400x278.jpg\" alt class=\"img-responsive wp-image-3394\"\/><\/a><\/span><\/div><div class=\"fusion-button-wrapper\"><a class=\"fusion-button button-3d fusion-button-default-size button-default fusion-button-default button-3 fusion-button-default-span \" target=\"_blank\" rel=\"noopener noreferrer\" href=\"https:\/\/www.facebook.com\/vazgenyanacademy\/\"><span class=\"fusion-button-text\">Vazenyan Priesterseminar<\/span><\/a><\/div><div class=\"fusion-clearfix\"><\/div><\/div><\/div><div class=\"fusion-layout-column fusion_builder_column fusion-builder-column-4 fusion_builder_column_1_3 1_3 fusion-one-third fusion-column-first\" style=\"--awb-bg-size:cover;width:33.333333333333%;width:calc(33.333333333333% - ( ( 4% + 4% ) * 0.33333333333333 ) );margin-right: 4%;\"><div class=\"fusion-column-wrapper fusion-column-has-shadow fusion-flex-column-wrapper-legacy\"><div class=\"fusion-image-element in-legacy-container\" style=\"--awb-caption-title-font-family:var(--h2_typography-font-family);--awb-caption-title-font-weight:var(--h2_typography-font-weight);--awb-caption-title-font-style:var(--h2_typography-font-style);--awb-caption-title-size:var(--h2_typography-font-size);--awb-caption-title-transform:var(--h2_typography-text-transform);--awb-caption-title-line-height:var(--h2_typography-line-height);--awb-caption-title-letter-spacing:var(--h2_typography-letter-spacing);\"><span class=\" fusion-imageframe imageframe-none imageframe-4 hover-type-none\" style=\"border:5px solid #e2e2e2;\"><a href=\"https:\/\/bebra.dakd.de\/wp-content\/uploads\/2020\/03\/648x450-jarangavorats-400x278.jpg\" class=\"fusion-lightbox\" data-rel=\"iLightbox[b842cc7996f70f2e876]\" data-caption=\"\"><img decoding=\"async\" src=\"https:\/\/bebra.dakd.de\/wp-content\/uploads\/2020\/03\/648x450-jarangavorats-400x278.jpg\" alt class=\"img-responsive wp-image-4574\"\/><\/a><\/span><\/div><div class=\"fusion-button-wrapper\"><a class=\"fusion-button button-3d fusion-button-default-size button-default fusion-button-default button-4 fusion-button-default-span \" target=\"_blank\" rel=\"noopener noreferrer\" href=\"https:\/\/www.facebook.com\/%D4%B5%D6%80%D5%B8%D6%82%D5%BD%D5%A1%D5%B2%D5%A7%D5%B4%D5%AB-%D4%BA%D5%A1%D5%BC%D5%A1%D5%B6%D5%A3%D5%A1%D6%82%D5%B8%D6%80%D5%A1%D6%81-%D5%8E%D5%A1%D6%80%D5%AA%D5%A1%D6%80%D5%A1%D5%B6-%D5%A5%D6%82-%D4%B8%D5%B6%D5%AE%D5%A1%D5%B5%D5%A1%D6%80%D5%A1%D5%B6-1543859932543616\/\"><span class=\"fusion-button-text\">Zharangavorats Priesterseminar<\/span><\/a><\/div><div class=\"fusion-clearfix\"><\/div><\/div><\/div><div class=\"fusion-layout-column fusion_builder_column fusion-builder-column-5 fusion_builder_column_1_3 1_3 fusion-one-third\" style=\"--awb-bg-size:cover;width:33.333333333333%;width:calc(33.333333333333% - ( ( 4% + 4% ) * 0.33333333333333 ) );margin-right: 4%;\"><div class=\"fusion-column-wrapper fusion-column-has-shadow fusion-flex-column-wrapper-legacy\"><div class=\"fusion-image-element in-legacy-container\" style=\"--awb-caption-title-font-family:var(--h2_typography-font-family);--awb-caption-title-font-weight:var(--h2_typography-font-weight);--awb-caption-title-font-style:var(--h2_typography-font-style);--awb-caption-title-size:var(--h2_typography-font-size);--awb-caption-title-transform:var(--h2_typography-text-transform);--awb-caption-title-line-height:var(--h2_typography-line-height);--awb-caption-title-letter-spacing:var(--h2_typography-letter-spacing);\"><span class=\" fusion-imageframe imageframe-none imageframe-5 hover-type-none\" style=\"border:5px solid #e2e2e2;\"><a href=\"https:\/\/bebra.dakd.de\/wp-content\/uploads\/2020\/02\/stnerses-400x278-1.jpg\" class=\"fusion-lightbox\" data-rel=\"iLightbox[4527a6c5bb3704fc5a1]\" data-caption=\"\"><img decoding=\"async\" src=\"https:\/\/bebra.dakd.de\/wp-content\/uploads\/2020\/02\/stnerses-400x278-1.jpg\" alt class=\"img-responsive wp-image-3384\"\/><\/a><\/span><\/div><div class=\"fusion-button-wrapper\"><a class=\"fusion-button button-3d fusion-button-default-size button-default fusion-button-default button-5 fusion-button-default-span \" target=\"_blank\" rel=\"noopener noreferrer\" href=\"https:\/\/www.stnersess.edu\/\"><span class=\"fusion-button-text\">St. Nerses Seminar<\/span><\/a><\/div><div class=\"fusion-clearfix\"><\/div><\/div><\/div><div class=\"fusion-layout-column fusion_builder_column fusion-builder-column-6 fusion_builder_column_1_3 1_3 fusion-one-third fusion-column-last\" style=\"--awb-bg-size:cover;width:33.333333333333%;width:calc(33.333333333333% - ( ( 4% + 4% ) * 0.33333333333333 ) );\"><div class=\"fusion-column-wrapper fusion-column-has-shadow fusion-flex-column-wrapper-legacy\"><div class=\"fusion-image-element in-legacy-container\" style=\"--awb-caption-title-font-family:var(--h2_typography-font-family);--awb-caption-title-font-weight:var(--h2_typography-font-weight);--awb-caption-title-font-style:var(--h2_typography-font-style);--awb-caption-title-size:var(--h2_typography-font-size);--awb-caption-title-transform:var(--h2_typography-text-transform);--awb-caption-title-line-height:var(--h2_typography-line-height);--awb-caption-title-letter-spacing:var(--h2_typography-letter-spacing);\"><span class=\" fusion-imageframe imageframe-none imageframe-6 hover-type-none\" style=\"border:5px solid #e2e2e2;\"><a href=\"https:\/\/bebra.dakd.de\/wp-content\/uploads\/2020\/02\/dprevank-400x278-1.jpg\" class=\"fusion-lightbox\" data-rel=\"iLightbox[41f16532b55a1a29b7c]\" data-caption=\"\"><img decoding=\"async\" src=\"https:\/\/bebra.dakd.de\/wp-content\/uploads\/2020\/02\/dprevank-400x278-1.jpg\" alt class=\"img-responsive wp-image-3374\"\/><\/a><\/span><\/div><div class=\"fusion-button-wrapper\"><a class=\"fusion-button button-3d fusion-button-default-size button-default fusion-button-default button-6 fusion-button-default-span \" target=\"_blank\" rel=\"noopener noreferrer\" href=\"http:\/\/www.armenianorthodoxchurch.org\/en\/seminary\/about-seminary\"><span class=\"fusion-button-text\">Dprevank \/ Antilias<\/span><\/a><\/div><div class=\"fusion-clearfix\"><\/div><\/div><\/div><\/div><\/div><div class=\"fusion-fullwidth fullwidth-box fusion-builder-row-3 nonhundred-percent-fullwidth non-hundred-percent-height-scrolling\" style=\"--awb-border-radius-top-left:0px;--awb-border-radius-top-right:0px;--awb-border-radius-bottom-right:0px;--awb-border-radius-bottom-left:0px;--awb-flex-wrap:wrap;\" ><div class=\"fusion-builder-row fusion-row\"><div class=\"fusion-layout-column fusion_builder_column fusion-builder-column-7 fusion_builder_column_1_1 1_1 fusion-one-full fusion-column-first fusion-column-last\" style=\"--awb-bg-size:cover;\"><div class=\"fusion-column-wrapper fusion-column-has-shadow fusion-flex-column-wrapper-legacy\"><div class=\"fusion-sep-clear\"><\/div><div class=\"fusion-separator fusion-full-width-sep\" style=\"margin-left: auto;margin-right: auto;margin-top:15px;margin-bottom:15px;width:100%;\"><div class=\"fusion-separator-border sep-single sep-solid\" style=\"--awb-height:20px;--awb-amount:20px;--awb-sep-color:#ffac00;border-color:#ffac00;border-top-width:1px;\"><\/div><\/div><div class=\"fusion-sep-clear\"><\/div><div class=\"fusion-title title fusion-title-2 fusion-title-text fusion-title-size-two\"><h2 class=\"fusion-title-heading title-heading-left\" style=\"margin:0;\">Schreiben Sie uns<\/h2><span class=\"awb-title-spacer\"><\/span><div class=\"title-sep-container\"><div class=\"title-sep sep-double sep-solid\" style=\"border-color:#e2e2e2;\"><\/div><\/div><\/div><p class=\"wpcf7-contact-form-not-found\"><strong>Error:<\/strong> Contact form not found.<\/p><div class=\"fusion-clearfix\"><\/div><\/div><\/div><\/div><\/div><\/p>\n","protected":false},"excerpt":{"rendered":"","protected":false},"author":1,"featured_media":0,"parent":0,"menu_order":0,"comment_status":"closed","ping_status":"closed","template":"","meta":{"footnotes":""},"class_list":["post-4553","page","type-page","status-publish","hentry"],"_links":{"self":[{"href":"https:\/\/bebra.dakd.de\/am\/wp-json\/wp\/v2\/pages\/4553","targetHints":{"allow":["GET"]}}],"collection":[{"href":"https:\/\/bebra.dakd.de\/am\/wp-json\/wp\/v2\/pages"}],"about":[{"href":"https:\/\/bebra.dakd.de\/am\/wp-json\/wp\/v2\/types\/page"}],"author":[{"embeddable":true,"href":"https:\/\/bebra.dakd.de\/am\/wp-json\/wp\/v2\/users\/1"}],"replies":[{"embeddable":true,"href":"https:\/\/bebra.dakd.de\/am\/wp-json\/wp\/v2\/comments?post=4553"}],"version-history":[{"count":0,"href":"https:\/\/bebra.dakd.de\/am\/wp-json\/wp\/v2\/pages\/4553\/revisions"}],"wp:attachment":[{"href":"https:\/\/bebra.dakd.de\/am\/wp-json\/wp\/v2\/media?parent=4553"}],"curies":[{"name":"wp","href":"https:\/\/api.w.org\/{rel}","templated":true}]}}